{"id":4029,"date":"2021-03-11T21:24:19","date_gmt":"2021-03-11T20:24:19","guid":{"rendered":"https:\/\/adinahookah.de\/anleitung-motionundmotionsmall-copy"},"modified":"2026-05-05T10:43:16","modified_gmt":"2026-05-05T09:43:16","slug":"anleitung","status":"publish","type":"page","link":"https:\/\/adinahookah.de\/en\/anleitung","title":{"rendered":"construction"},"content":{"rendered":"<p>[et_pb_section fb_built=&#8220;1&#8243; custom_padding_last_edited=&#8220;on|phone&#8220; admin_label=&#8220;Section &#8211; About header&#8220; _builder_version=&#8220;4.9.0&#8243; background_color=&#8220;#000000&#8243; background_enable_image=&#8220;off&#8220; custom_padding=&#8220;100px||100px|||&#8220; custom_padding_tablet=&#8220;100px||100px|&#8220; custom_padding_phone=&#8220;75px||75px|&#8220; locked=&#8220;off&#8220; global_colors_info=&#8220;{}&#8220;][et_pb_row _builder_version=&#8220;3.25&#8243; background_size=&#8220;initial&#8220; background_position=&#8220;top_left&#8220; background_repeat=&#8220;repeat&#8220; global_colors_info=&#8220;{}&#8220;][et_pb_column type=&#8220;4_4&#8243; _builder_version=&#8220;3.25&#8243; custom_padding=&#8220;|||&#8220; global_colors_info=&#8220;{}&#8220; custom_padding__hover=&#8220;|||&#8220;][et_pb_text admin_label=&#8220;About Page Top Header &#8211; Text&#8220; _builder_version=&#8220;4.9.1&#8243; text_font=&#8220;|300|||||||&#8220; text_text_color=&#8220;#ffffff&#8220; text_font_size=&#8220;48px&#8220; header_font=&#8220;|700||on|||||&#8220; header_text_color=&#8220;#ffffff&#8220; header_font_size=&#8220;60px&#8220; text_orientation=&#8220;center&#8220; module_alignment=&#8220;center&#8220; text_font_size_tablet=&#8220;19px&#8220; text_font_size_phone=&#8220;17px&#8220; text_font_size_last_edited=&#8220;on|phone&#8220; header_font_size_tablet=&#8220;50px&#8220; header_font_size_phone=&#8220;25px&#8220; header_font_size_last_edited=&#8220;on|phone&#8220; global_colors_info=&#8220;{}&#8220;]<\/p>\n<h1>Aufbau Anleitung<\/h1>\n<p>&nbsp;<\/p>\n<p>Motion &amp; Motion Small<\/p>\n<p>&nbsp;<\/p>\n<p>[\/et_pb_text][\/et_pb_column][\/et_pb_row][\/et_pb_section][et_pb_section fb_built=&#8220;1&#8243; _builder_version=&#8220;4.14.7&#8243; _module_preset=&#8220;default&#8220; global_colors_info=&#8220;{}&#8220;][et_pb_row _builder_version=&#8220;4.14.7&#8243; _module_preset=&#8220;default&#8220; global_colors_info=&#8220;{}&#8220;][et_pb_column type=&#8220;4_4&#8243; _builder_version=&#8220;4.14.7&#8243; _module_preset=&#8220;default&#8220; global_colors_info=&#8220;{}&#8220;][\/et_pb_column][\/et_pb_row][et_pb_row _builder_version=&#8220;3.25&#8243; custom_padding=&#8220;||10px|&#8220; locked=&#8220;off&#8220; global_colors_info=&#8220;{}&#8220;][et_pb_column type=&#8220;4_4&#8243; _builder_version=&#8220;3.25&#8243; custom_padding=&#8220;|||&#8220; global_colors_info=&#8220;{}&#8220; custom_padding__hover=&#8220;|||&#8220;][et_pb_text admin_label=&#8220;Default Header&#8220; module_class=&#8220;default-header&#8220; _builder_version=&#8220;4.9.1&#8243; text_orientation=&#8220;center&#8220; module_alignment=&#8220;center&#8220; custom_padding=&#8220;0px|||||&#8220; global_colors_info=&#8220;{}&#8220;]<\/p>\n<h1><span style=\"color: #000000; font-size: xx-large;\"><strong><span style=\"color: #e00b00;\">\u00a0!! WICHTIG !!<br \/><span style=\"font-size: x-large;\">Bitte beachtet vor dem\u00a0<\/span><\/span><\/strong><\/span><\/h1>\n<p><span style=\"font-size: xx-large;\"><span style=\"font-size: x-large;\">\u00a0<span style=\"color: #000000;\"><strong><span style=\"color: #e00b00;\">Aufbau folgende<br \/><\/span><\/strong><\/span><\/span><span style=\"color: #000000;\"><strong><span style=\"color: #e00b00; font-size: x-large;\">4 Punkte<\/span>\u00a0<\/strong><\/span><\/span><\/p>\n<p>&nbsp;<\/p>\n<p><span style=\"color: #000000;\"><strong><span style=\"font-size: x-large;\">\u00a0Blow Off Ventilkugeln einlegen und entnehmen<\/span><\/strong><\/span><\/p>\n<p>&nbsp;<\/p>\n<p style=\"text-align: left;\"><span style=\"color: #000000;\"><strong>1. Bei der ( Motion Small &#8211; Steel Black ) sind die Ventilkugeln bereits in der Base eingesetzt. Bei den Modellen ( Black Mint und Clear Mint m\u00fcssen die Ventilkugeln noch eingesetzt werden.<\/strong><\/span><\/p>\n<p style=\"text-align: left;\"><span style=\"color: #000000;\"><strong>2. Um die Ausblasventilkugeln zu entfernen oder einzusetzen, m\u00fcsst ihr die Rauchs\u00e4ule demontieren. ( siehe Bilder unten ) sobald die Rauchs\u00e4ule wieder montiert ist, k\u00f6nnen die Ventilkugeln nicht mehr aus der Base rausfallen.<\/strong><\/span><\/p>\n<p style=\"text-align: left;\"><span style=\"font-size: 17px; background: #ffffff; font-weight: bold; color: #e00b00;\"><span style=\"color: #000000;\">3.<\/span> ! WICHTiG !<\/span><span style=\"font-size: 17px; background: #ffffff; color: #e00b00;\">\u00a0<\/span><span style=\"color: #000000;\"><strong>O<span style=\"font-size: 17px;\">hne di<\/span><span style=\"font-size: 17px;\">e Venti<\/span><span style=\"font-size: 17px;\">lkugeln ist kein Durchzug m\u00f6glich und das Blow-Off-System funktioniert nicht.\u00a0<\/span><\/strong><\/span><\/p>\n<p style=\"text-align: left;\"><span style=\"color: #000000;\"><strong>4. Die vollst\u00e4ndige Aufbauanleitung\u00a0 sowie die verschiedenen Blow-Off-Varianten findet Ihr unterhalb der beiden Bilder.<\/strong><\/span><\/p>\n<p style=\"text-align: center;\"><span style=\"color: #000000; font-size: 17px; text-align: center;\"><\/span><\/p>\n<p style=\"text-align: center;\"><span style=\"color: #000000; font-size: 17px; text-align: center;\"><\/span><\/p>\n<p style=\"text-align: center;\"><span style=\"color: #000000; font-size: 17px; text-align: center;\">Wenn Sie noch Fragen haben, erreichen Sie uns telefonisch unter 02507\/5390412 oder per Whatsapp unter 0176\/34423903<\/span><\/p>\n<p style=\"text-align: left;\"><span style=\"color: #000000;\"><strong><\/strong><\/span><\/p>\n<p>&nbsp;<\/p>\n<p>[\/et_pb_text][\/et_pb_column][\/et_pb_row][\/et_pb_section][et_pb_section fb_built=&#8220;1&#8243; _builder_version=&#8220;4.14.7&#8243; _module_preset=&#8220;default&#8220; global_colors_info=&#8220;{}&#8220;][et_pb_row column_structure=&#8220;1_2,1_2&#8243; _builder_version=&#8220;4.14.7&#8243; _module_preset=&#8220;default&#8220; global_colors_info=&#8220;{}&#8220;][et_pb_column type=&#8220;1_2&#8243; _builder_version=&#8220;4.14.7&#8243; _module_preset=&#8220;default&#8220; global_colors_info=&#8220;{}&#8220;][et_pb_image src=&#8220;https:\/\/adinahookah.de\/wp-content\/uploads\/2026\/04\/Bildschirmfoto-2021-03-10-um-18.52.44.png&#8220; title_text=&#8220;Bildschirmfoto-2021-03-10-um-18.52.44&#8243; _builder_version=&#8220;4.14.7&#8243; _module_preset=&#8220;default&#8220; global_colors_info=&#8220;{}&#8220;][\/et_pb_image][\/et_pb_column][et_pb_column type=&#8220;1_2&#8243; _builder_version=&#8220;4.14.7&#8243; _module_preset=&#8220;default&#8220; global_colors_info=&#8220;{}&#8220;][et_pb_image src=&#8220;https:\/\/adinahookah.de\/wp-content\/uploads\/2026\/04\/Bildschirmfoto-2021-03-10-um-18.52.32.png&#8220; title_text=&#8220;Bildschirmfoto-2021-03-10-um-18.52.32&#8243; _builder_version=&#8220;4.14.7&#8243; _module_preset=&#8220;default&#8220; global_colors_info=&#8220;{}&#8220;][\/et_pb_image][\/et_pb_column][\/et_pb_row][\/et_pb_section][et_pb_section fb_built=&#8220;1&#8243; custom_padding_last_edited=&#8220;on|desktop&#8220; _builder_version=&#8220;3.22&#8243; custom_padding=&#8220;114px||30px|||&#8220; custom_padding_tablet=&#8220;50px||30px|&#8220; custom_padding_phone=&#8220;&#8220; global_colors_info=&#8220;{}&#8220;][et_pb_row column_structure=&#8220;1_3,1_3,1_3&#8243; _builder_version=&#8220;4.9.1&#8243; _module_preset=&#8220;default&#8220; global_colors_info=&#8220;{}&#8220;][et_pb_column type=&#8220;1_3&#8243; disabled_on=&#8220;on|off|off&#8220; _builder_version=&#8220;4.9.1&#8243; _module_preset=&#8220;default&#8220; global_colors_info=&#8220;{}&#8220;][\/et_pb_column][et_pb_column type=&#8220;1_3&#8243; _builder_version=&#8220;4.14.7&#8243; _module_preset=&#8220;default&#8220; global_colors_info=&#8220;{}&#8220;][et_pb_button button_url=&#8220;https:\/\/adinahookah.de\/wp-content\/uploads\/2021\/11\/Adina_Motion_Anleitung.pdf&#8220; button_text=&#8220;Anleitung: Motion &#038; Motion Small&#8220; button_alignment=&#8220;center&#8220; _builder_version=&#8220;4.14.7&#8243; _module_preset=&#8220;default&#8220; global_colors_info=&#8220;{}&#8220;][\/et_pb_button][\/et_pb_column][et_pb_column type=&#8220;1_3&#8243; _builder_version=&#8220;4.9.1&#8243; _module_preset=&#8220;default&#8220; global_colors_info=&#8220;{}&#8220;][\/et_pb_column][\/et_pb_row][\/et_pb_section]<\/p>","protected":false},"excerpt":{"rendered":"<p>Aufbau Anleitung &nbsp; Motion &amp; Motion Small &nbsp;\u00a0!! WICHTIG !!Bitte beachtet vor dem\u00a0 \u00a0Aufbau folgende4 Punkte\u00a0 &nbsp; \u00a0Blow Off Ventilkugeln einlegen und entnehmen &nbsp; 1. Bei der ( Motion Small &#8211; Steel Black ) sind die Ventilkugeln bereits in der Base eingesetzt. Bei den Modellen ( Black Mint und Clear Mint m\u00fcssen die Ventilkugeln noch [&hellip;]<\/p>","protected":false},"author":1,"featured_media":0,"parent":0,"menu_order":0,"comment_status":"closed","ping_status":"closed","template":"","meta":{"_et_pb_use_builder":"on","_et_pb_old_content":"","_et_gb_content_width":""},"_links":{"self":[{"href":"https:\/\/adinahookah.de\/en\/wp-json\/wp\/v2\/pages\/4029"}],"collection":[{"href":"https:\/\/adinahookah.de\/en\/wp-json\/wp\/v2\/pages"}],"about":[{"href":"https:\/\/adinahookah.de\/en\/wp-json\/wp\/v2\/types\/page"}],"author":[{"embeddable":true,"href":"https:\/\/adinahookah.de\/en\/wp-json\/wp\/v2\/users\/1"}],"replies":[{"embeddable":true,"href":"https:\/\/adinahookah.de\/en\/wp-json\/wp\/v2\/comments?post=4029"}],"version-history":[{"count":42,"href":"https:\/\/adinahookah.de\/en\/wp-json\/wp\/v2\/pages\/4029\/revisions"}],"predecessor-version":[{"id":6634,"href":"https:\/\/adinahookah.de\/en\/wp-json\/wp\/v2\/pages\/4029\/revisions\/6634"}],"wp:attachment":[{"href":"https:\/\/adinahookah.de\/en\/wp-json\/wp\/v2\/media?parent=4029"}],"curies":[{"name":"wp","href":"https:\/\/api.w.org\/{rel}","templated":true}]}}