{"id":1789,"date":"2017-11-13T14:47:30","date_gmt":"2017-11-13T13:47:30","guid":{"rendered":"http:\/\/diviecommerce.aspengrovestudios.space\/?page_id=1789"},"modified":"2021-09-04T13:55:45","modified_gmt":"2021-09-04T12:55:45","slug":"ueber-uns","status":"publish","type":"page","link":"https:\/\/adinahookah.de\/en\/ueber-uns","title":{"rendered":"story"},"content":{"rendered":"<p>[et_pb_section fb_built=&#8220;1&#8243; custom_padding_last_edited=&#8220;on|phone&#8220; admin_label=&#8220;Section &#8211; About header&#8220; _builder_version=&#8220;4.6.6&#8243; background_color=&#8220;#dedede&#8220; background_image=&#8220;http:\/\/adinahookah.de\/wp-content\/uploads\/2020\/11\/Adina-hookah7-scaled.jpg&#8220; custom_padding=&#8220;150px||250px|&#8220; custom_padding_tablet=&#8220;100px||100px|&#8220; custom_padding_phone=&#8220;75px||75px|&#8220; global_colors_info=&#8220;{}&#8220;][et_pb_row _builder_version=&#8220;3.25&#8243; background_size=&#8220;initial&#8220; background_position=&#8220;top_left&#8220; background_repeat=&#8220;repeat&#8220; global_colors_info=&#8220;{}&#8220;][et_pb_column type=&#8220;4_4&#8243; _builder_version=&#8220;3.25&#8243; custom_padding=&#8220;|||&#8220; global_colors_info=&#8220;{}&#8220; custom_padding__hover=&#8220;|||&#8220;][et_pb_text admin_label=&#8220;About Page Top Header &#8211; Text&#8220; _builder_version=&#8220;4.10.6&#8243; text_font=&#8220;|300|||||||&#8220; text_text_color=&#8220;#ffffff&#8220; text_font_size=&#8220;20px&#8220; header_font=&#8220;|700||on|||||&#8220; header_text_color=&#8220;#ffffff&#8220; header_font_size=&#8220;60px&#8220; text_orientation=&#8220;center&#8220; module_alignment=&#8220;center&#8220; hover_enabled=&#8220;0&#8243; text_font_size_tablet=&#8220;19px&#8220; text_font_size_phone=&#8220;17px&#8220; text_font_size_last_edited=&#8220;on|phone&#8220; header_font_size_tablet=&#8220;50px&#8220; header_font_size_phone=&#8220;35px&#8220; header_font_size_last_edited=&#8220;on|tablet&#8220; global_colors_info=&#8220;{}&#8220; sticky_enabled=&#8220;0&#8243;]<\/p>\n<h1>story<\/h1>\n<p>\u2026learn more!<\/p>\n<p>[\/et_pb_text][\/et_pb_column][\/et_pb_row][\/et_pb_section][et_pb_section fb_built=&#8220;1&#8243; _builder_version=&#8220;3.22&#8243; custom_padding=&#8220;0px|||&#8220; global_colors_info=&#8220;{}&#8220;][et_pb_row _builder_version=&#8220;3.25&#8243; custom_padding=&#8220;||10px|&#8220; global_colors_info=&#8220;{}&#8220;][et_pb_column type=&#8220;4_4&#8243; _builder_version=&#8220;3.25&#8243; custom_padding=&#8220;|||&#8220; global_colors_info=&#8220;{}&#8220; custom_padding__hover=&#8220;|||&#8220;][et_pb_text admin_label=&#8220;Default Header&#8220; module_class=&#8220;default-header&#8220; _builder_version=&#8220;4.10.6&#8243; module_alignment=&#8220;right&#8220; hover_enabled=&#8220;0&#8243; global_colors_info=&#8220;{}&#8220; sticky_enabled=&#8220;0&#8243;]<\/p>\n<h1>Our quality guarantee<\/h1>\n<p>... every shisha should be like this!<\/p>\n<p>[\/et_pb_text][\/et_pb_column][\/et_pb_row][et_pb_row column_structure=&#8220;1_3,1_3,1_3&#8243; use_custom_gutter=&#8220;on&#8220; gutter_width=&#8220;3&#8243; _builder_version=&#8220;3.25&#8243; global_colors_info=&#8220;{}&#8220;][et_pb_column type=&#8220;1_3&#8243; _builder_version=&#8220;3.25&#8243; custom_padding=&#8220;|||&#8220; global_colors_info=&#8220;{}&#8220; custom_padding__hover=&#8220;|||&#8220;][et_pb_blurb title=&#8220;Keine Kosten gespart.&#8220; use_icon=&#8220;on&#8220; font_icon=&#8220;%%45%%&#8220; icon_color=&#8220;#c9b072&#8243; use_icon_font_size=&#8220;on&#8220; icon_font_size=&#8220;35px&#8220; admin_label=&#8220;About Blurb&#8220; module_class=&#8220;about-page-blurb&#8220; _builder_version=&#8220;4.9.0&#8243; header_font=&#8220;|600|||||||&#8220; header_line_height=&#8220;1.2&#8243; global_colors_info=&#8220;{}&#8220;]<\/p>\n<p>We spared no expense for a perfect end product. Adina Hookah stands for quality instead of quantity.<\/p>\n<p>[\/et_pb_blurb][\/et_pb_column][et_pb_column type=&#8220;1_3&#8243; _builder_version=&#8220;3.25&#8243; custom_padding=&#8220;|||&#8220; global_colors_info=&#8220;{}&#8220; custom_padding__hover=&#8220;|||&#8220;][et_pb_blurb title=&#8220;Qualit\u00e4tsverfahren&#8220; use_icon=&#8220;on&#8220; font_icon=&#8220;%%169%%&#8220; icon_color=&#8220;#c9b072&#8243; use_icon_font_size=&#8220;on&#8220; icon_font_size=&#8220;35px&#8220; admin_label=&#8220;About Blurb&#8220; module_class=&#8220;about-page-blurb&#8220; _builder_version=&#8220;4.9.0&#8243; header_font=&#8220;|600|||||||&#8220; header_line_height=&#8220;1.2&#8243; global_colors_info=&#8220;{}&#8220;]<\/p>\n<p>Our Adina models stand for high quality. Every single model has been subjected to a quality check.<\/p>\n<p>[\/et_pb_blurb][\/et_pb_column][et_pb_column type=&#8220;1_3&#8243; _builder_version=&#8220;3.25&#8243; custom_padding=&#8220;|||&#8220; global_colors_info=&#8220;{}&#8220; custom_padding__hover=&#8220;|||&#8220;][et_pb_blurb title=&#8220;Hochwertige Rohstoffe&#8220; use_icon=&#8220;on&#8220; font_icon=&#8220;%%16%%&#8220; icon_color=&#8220;#c9b072&#8243; use_icon_font_size=&#8220;on&#8220; icon_font_size=&#8220;35px&#8220; admin_label=&#8220;About Blurb&#8220; module_class=&#8220;about-page-blurb&#8220; _builder_version=&#8220;4.9.0&#8243; header_font=&#8220;|600|||||||&#8220; header_line_height=&#8220;1.2&#8243; global_colors_info=&#8220;{}&#8220;]<\/p>\n<p>Our products are made of high quality V2A stainless steel. We focus on quality when it comes to our materials.<\/p>\n<p>[\/et_pb_blurb][\/et_pb_column][\/et_pb_row][et_pb_row _builder_version=&#8220;4.10.6&#8243; _module_preset=&#8220;default&#8220; locked=&#8220;off&#8220; global_colors_info=&#8220;{}&#8220;][et_pb_column type=&#8220;4_4&#8243; _builder_version=&#8220;4.10.6&#8243; _module_preset=&#8220;default&#8220; global_colors_info=&#8220;{}&#8220;][et_pb_code _builder_version=&#8220;4.10.6&#8243; _module_preset=&#8220;default&#8220; global_colors_info=&#8220;{}&#8220;]\r\n<div id=\"sb_instagram\"  class=\"sbi sbi_mob_col_1 sbi_tab_col_2 sbi_col_4 sbi_width_resp\" style=\"padding-bottom: 10px;width: 100%;\" data-feedid=\"*1\"  data-res=\"auto\" data-cols=\"4\" data-colsmobile=\"1\" data-colstablet=\"2\" data-num=\"20\" data-nummobile=\"\" data-shortcode-atts=\"{}\"  data-postid=\"1789\" data-locatornonce=\"24ef518ebf\" data-sbi-flags=\"favorLocal,gdpr\">\r\n\t\r\n    <div id=\"sbi_images\"  style=\"padding: 5px;\">\r\n\t\t    <\/div>\r\n\r\n\t<div id=\"sbi_load\" >\r\n\r\n\t\r\n\t\r\n<\/div>\r\n\r\n\t    <span class=\"sbi_resized_image_data\" data-feed-id=\"*1\" data-resized=\"[]\">\n\t<\/span>\n\t<\/div>\r\n\r\n[\/et_pb_code][\/et_pb_column][\/et_pb_row][\/et_pb_section][et_pb_section fb_built=&#8220;1&#8243; admin_label=&#8220;Section &#8211; Newsletter&#8220; module_class=&#8220;newsletter-section&#8220; _builder_version=&#8220;3.22&#8243; custom_padding=&#8220;40px||20px|&#8220; collapsed=&#8220;off&#8220; global_colors_info=&#8220;{}&#8220;][et_pb_row column_structure=&#8220;1_3,2_3&#8243; _builder_version=&#8220;4.9.0&#8243; background_color=&#8220;#f6f6f6&#8243; background_image=&#8220;https:\/\/adinahookah.de\/wp-content\/uploads\/2021\/03\/3N0A8434.jpg&#8220; background_position=&#8220;center_right&#8220; width=&#8220;90%&#8220; max_width=&#8220;90%&#8220; custom_padding=&#8220;150px|||||&#8220; use_custom_width=&#8220;on&#8220; width_unit=&#8220;off&#8220; custom_width_percent=&#8220;90%&#8220; global_colors_info=&#8220;{}&#8220;][et_pb_column type=&#8220;1_3&#8243; _builder_version=&#8220;4.9.0&#8243; custom_padding=&#8220;|||&#8220; global_colors_info=&#8220;{}&#8220; custom_padding__hover=&#8220;|||&#8220;][\/et_pb_column][et_pb_column type=&#8220;2_3&#8243; _builder_version=&#8220;4.6.6&#8243; custom_padding=&#8220;|||&#8220; global_colors_info=&#8220;{}&#8220; custom_padding__hover=&#8220;|||&#8220;][\/et_pb_column][\/et_pb_row][\/et_pb_section]<\/p>","protected":false},"excerpt":{"rendered":"<p>Story &#8230;erfahre mehr!Unsere Qualit\u00e4tsgarantie &#8230;so sollte jede Shisha sein!F\u00fcr ein perfektes Endprodukt haben wir keine Kosten gescheut. Adina Hookah steht f\u00fcr Qualit\u00e4t statt Quantit\u00e4t.Unsere Adina-Modelle stehen f\u00fcr hochwertige Qualit\u00e4t. Jedes einzelne Modell wurde einem Qualit\u00e4tscheck unterzogen.Unsere Produkte werden aus hochwertigen V2A-Edelstahl gefertigt. Bei unseren Materialien setzen wir auf Qualit\u00e4t.\r\n<div id=\"sb_instagram\"  class=\"sbi sbi_mob_col_1 sbi_tab_col_2 sbi_col_4 sbi_width_resp\" style=\"padding-bottom: 10px;width: 100%;\" data-feedid=\"*1\"  data-res=\"auto\" data-cols=\"4\" data-colsmobile=\"1\" data-colstablet=\"2\" data-num=\"20\" data-nummobile=\"\" data-shortcode-atts=\"{}\"  data-postid=\"1789\" data-locatornonce=\"24ef518ebf\" data-sbi-flags=\"favorLocal,gdpr\">\r\n\t\r\n    <div id=\"sbi_images\"  style=\"padding: 5px;\">\r\n\t\t    <\/div>\r\n\r\n\t<div id=\"sbi_load\" >\r\n\r\n\t\r\n\t\r\n<\/div>\r\n\r\n\t    <span class=\"sbi_resized_image_data\" data-feed-id=\"*1\" data-resized=\"[]\">\n\t<\/span>\n\t<\/div>\r\n\r\n<\/p>","protected":false},"author":1,"featured_media":0,"parent":0,"menu_order":0,"comment_status":"closed","ping_status":"closed","template":"","meta":{"_et_pb_use_builder":"on","_et_pb_old_content":"","_et_gb_content_width":""},"_links":{"self":[{"href":"https:\/\/adinahookah.de\/en\/wp-json\/wp\/v2\/pages\/1789"}],"collection":[{"href":"https:\/\/adinahookah.de\/en\/wp-json\/wp\/v2\/pages"}],"about":[{"href":"https:\/\/adinahookah.de\/en\/wp-json\/wp\/v2\/types\/page"}],"author":[{"embeddable":true,"href":"https:\/\/adinahookah.de\/en\/wp-json\/wp\/v2\/users\/1"}],"replies":[{"embeddable":true,"href":"https:\/\/adinahookah.de\/en\/wp-json\/wp\/v2\/comments?post=1789"}],"version-history":[{"count":15,"href":"https:\/\/adinahookah.de\/en\/wp-json\/wp\/v2\/pages\/1789\/revisions"}],"predecessor-version":[{"id":5216,"href":"https:\/\/adinahookah.de\/en\/wp-json\/wp\/v2\/pages\/1789\/revisions\/5216"}],"wp:attachment":[{"href":"https:\/\/adinahookah.de\/en\/wp-json\/wp\/v2\/media?parent=1789"}],"curies":[{"name":"wp","href":"https:\/\/api.w.org\/{rel}","templated":true}]}}